{"id":994124,"date":"2024-10-25T16:06:58","date_gmt":"2024-10-25T13:06:58","guid":{"rendered":"https:\/\/lonca.com\/?post_type=product&#038;p=994124"},"modified":"2024-10-26T10:41:05","modified_gmt":"2024-10-26T07:41:05","slug":"fda-danismanlik","status":"publish","type":"product","link":"https:\/\/lonca.com\/en\/cozumler\/fda-danismanlik\/","title":{"rendered":"FDA Consulting"},"content":{"rendered":"<div class=\"vgblk-rw-wrapper limit-wrapper\">Lonca FDA Dan\u0131\u015fmanl\u0131k Hizmeti<\/p>\n<p>Amerika Birle\u015fik Devletleri pazar\u0131nda yer almak isteyen t\u00fcm sekt\u00f6rlerden firmalar i\u00e7in FDA (Food and Drug Administration) gerekliliklerine uyum sa\u011flamak kritik bir ad\u0131md\u0131r. Lonca olarak, Gelenekten Gelece\u011fe Ticaret vizyonumuzla, sekt\u00f6r s\u0131n\u0131r\u0131 olmaks\u0131z\u0131n FDA mevzuatlar\u0131na uyum yolculu\u011funuzda kapsaml\u0131 dan\u0131\u015fmanl\u0131k hizmeti sunuyoruz.<\/p>\n<p>\u00dcr\u00fcn kayd\u0131ndan, etiketleme ve ambalaj standartlar\u0131na kadar her ad\u0131mda size destek sa\u011flayan uzman ekibimizle, i\u015finizi ABD pazar\u0131nda ba\u015far\u0131ya ta\u015f\u0131mak i\u00e7in yan\u0131n\u0131zday\u0131z. Lonca&#8217;n\u0131n FDA Dan\u0131\u015fmanl\u0131k Hizmeti ile uyum s\u00fcre\u00e7lerinizi g\u00fcvenle y\u00f6netin, \u00fcr\u00fcnlerinizi Amerika&#8217;da daha h\u0131zl\u0131 ve sorunsuz bir \u015fekilde t\u00fcketiciyle bulu\u015fturun.<\/p><\/div>\n<p><!-- .vgblk-rw-wrapper --><\/p>","protected":false},"excerpt":{"rendered":"<p>Lonca FDA Dan\u0131\u015fmanl\u0131k Hizmeti Amerika Birle\u015fik Devletleri pazar\u0131nda yer almak isteyen t\u00fcm sekt\u00f6rlerden firmalar i\u00e7in FDA (Food and Drug Administration) gerekliliklerine uyum sa\u011flamak kritik bir ad\u0131md\u0131r. Lonca olarak, Gelenekten Gelece\u011fe Ticaret vizyonumuzla, sekt\u00f6r s\u0131n\u0131r\u0131 olmaks\u0131z\u0131n FDA mevzuatlar\u0131na uyum yolculu\u011funuzda kapsaml\u0131 dan\u0131\u015fmanl\u0131k hizmeti sunuyoruz. \u00dcr\u00fcn kayd\u0131ndan, etiketleme ve ambalaj standartlar\u0131na kadar her ad\u0131mda size destek sa\u011flayan&#8230;<\/p>","protected":false},"featured_media":0,"comment_status":"open","ping_status":"closed","template":"","meta":{"rank_math_lock_modified_date":false,"inline_featured_image":false},"product_cat":[607],"product_tag":[605],"class_list":{"0":"post-994124","1":"product","2":"type-product","3":"status-publish","5":"product_cat-fda-danismanlik","6":"product_tag-fdadanismanligi","8":"first","9":"instock","10":"virtual","11":"sold-individually","12":"taxable","13":"purchasable","14":"product-type-simple"},"acf":[],"_links":{"self":[{"href":"https:\/\/lonca.com\/en\/wp-json\/wp\/v2\/product\/994124","targetHints":{"allow":["GET"]}}],"collection":[{"href":"https:\/\/lonca.com\/en\/wp-json\/wp\/v2\/product"}],"about":[{"href":"https:\/\/lonca.com\/en\/wp-json\/wp\/v2\/types\/product"}],"replies":[{"embeddable":true,"href":"https:\/\/lonca.com\/en\/wp-json\/wp\/v2\/comments?post=994124"}],"wp:attachment":[{"href":"https:\/\/lonca.com\/en\/wp-json\/wp\/v2\/media?parent=994124"}],"wp:term":[{"taxonomy":"product_cat","embeddable":true,"href":"https:\/\/lonca.com\/en\/wp-json\/wp\/v2\/product_cat?post=994124"},{"taxonomy":"product_tag","embeddable":true,"href":"https:\/\/lonca.com\/en\/wp-json\/wp\/v2\/product_tag?post=994124"}],"curies":[{"name":"wp","href":"https:\/\/api.w.org\/{rel}","templated":true}]}}